{"id":2,"date":"2017-07-18T13:00:36","date_gmt":"2017-07-18T13:00:36","guid":{"rendered":"http:\/\/themes.muffingroup.com\/be\/3d\/?page_id=2"},"modified":"2023-06-05T07:05:49","modified_gmt":"2023-06-05T07:05:49","slug":"home","status":"publish","type":"page","link":"https:\/\/dminteriors.es\/es\/","title":{"rendered":"Inicio"},"content":{"rendered":"","protected":false},"excerpt":{"rendered":"","protected":false},"author":1,"featured_media":0,"parent":0,"menu_order":0,"comment_status":"closed","ping_status":"closed","template":"","meta":{"footnotes":""},"class_list":["post-2","page","type-page","status-publish","hentry"],"yoast_head":"<!-- This site is optimized with the Yoast SEO plugin v21.8.1 - https:\/\/yoast.com\/wordpress\/plugins\/seo\/ -->\n<title>Dise\u00f1o de Interior en Sotogrande - DM Interiors<\/title>\n<meta name=\"description\" content=\"Somos un estudio de Dise\u00f1o de Interiores en Sotogrande que ofrece servicios para particulares y empresas. Renovaciones y decoraci\u00f3n\" \/>\n<meta name=\"robots\" content=\"index, follow, max-snippet:-1, max-image-preview:large, max-video-preview:-1\" \/>\n<link rel=\"canonical\" href=\"https:\/\/dminteriors.es\/es\/\" \/>\n<meta property=\"og:locale\" content=\"es_ES\" \/>\n<meta property=\"og:type\" content=\"article\" \/>\n<meta property=\"og:title\" content=\"Dise\u00f1o de Interior en Sotogrande - DM Interiors\" \/>\n<meta property=\"og:description\" content=\"Somos un estudio de Dise\u00f1o de Interiores en Sotogrande que ofrece servicios para particulares y empresas. Renovaciones y decoraci\u00f3n\" \/>\n<meta property=\"og:url\" content=\"https:\/\/dminteriors.es\/es\/\" \/>\n<meta property=\"og:site_name\" content=\"DM Interiors\" \/>\n<meta property=\"article:modified_time\" content=\"2023-06-05T07:05:49+00:00\" \/>\n<meta name=\"twitter:card\" content=\"summary_large_image\" \/>\n<script type=\"application\/ld+json\" class=\"yoast-schema-graph\">{\"@context\":\"https:\/\/schema.org\",\"@graph\":[{\"@type\":\"WebPage\",\"@id\":\"https:\/\/dminteriors.es\/es\/\",\"url\":\"https:\/\/dminteriors.es\/es\/\",\"name\":\"Dise\u00f1o de Interior en Sotogrande - DM Interiors\",\"isPartOf\":{\"@id\":\"https:\/\/dminteriors.es\/es\/#website\"},\"datePublished\":\"2017-07-18T13:00:36+00:00\",\"dateModified\":\"2023-06-05T07:05:49+00:00\",\"description\":\"Somos un estudio de Dise\u00f1o de Interiores en Sotogrande que ofrece servicios para particulares y empresas. Renovaciones y decoraci\u00f3n\",\"breadcrumb\":{\"@id\":\"https:\/\/dminteriors.es\/es\/#breadcrumb\"},\"inLanguage\":\"es\",\"potentialAction\":[{\"@type\":\"ReadAction\",\"target\":[\"https:\/\/dminteriors.es\/es\/\"]}]},{\"@type\":\"BreadcrumbList\",\"@id\":\"https:\/\/dminteriors.es\/es\/#breadcrumb\",\"itemListElement\":[{\"@type\":\"ListItem\",\"position\":1,\"name\":\"Home\",\"item\":\"https:\/\/dminteriors.es\/es\/\"},{\"@type\":\"ListItem\",\"position\":2,\"name\":\"Inicio\"}]},{\"@type\":\"WebSite\",\"@id\":\"https:\/\/dminteriors.es\/es\/#website\",\"url\":\"https:\/\/dminteriors.es\/es\/\",\"name\":\"DM Interiors\",\"description\":\"Otro sitio realizado con WordPress\",\"potentialAction\":[{\"@type\":\"SearchAction\",\"target\":{\"@type\":\"EntryPoint\",\"urlTemplate\":\"https:\/\/dminteriors.es\/es\/?s={search_term_string}\"},\"query-input\":\"required name=search_term_string\"}],\"inLanguage\":\"es\"}]}<\/script>\n<!-- \/ Yoast SEO plugin. -->","yoast_head_json":{"title":"Dise\u00f1o de Interior en Sotogrande - DM Interiors","description":"Somos un estudio de Dise\u00f1o de Interiores en Sotogrande que ofrece servicios para particulares y empresas. Renovaciones y decoraci\u00f3n","robots":{"index":"index","follow":"follow","max-snippet":"max-snippet:-1","max-image-preview":"max-image-preview:large","max-video-preview":"max-video-preview:-1"},"canonical":"https:\/\/dminteriors.es\/es\/","og_locale":"es_ES","og_type":"article","og_title":"Dise\u00f1o de Interior en Sotogrande - DM Interiors","og_description":"Somos un estudio de Dise\u00f1o de Interiores en Sotogrande que ofrece servicios para particulares y empresas. Renovaciones y decoraci\u00f3n","og_url":"https:\/\/dminteriors.es\/es\/","og_site_name":"DM Interiors","article_modified_time":"2023-06-05T07:05:49+00:00","twitter_card":"summary_large_image","schema":{"@context":"https:\/\/schema.org","@graph":[{"@type":"WebPage","@id":"https:\/\/dminteriors.es\/es\/","url":"https:\/\/dminteriors.es\/es\/","name":"Dise\u00f1o de Interior en Sotogrande - DM Interiors","isPartOf":{"@id":"https:\/\/dminteriors.es\/es\/#website"},"datePublished":"2017-07-18T13:00:36+00:00","dateModified":"2023-06-05T07:05:49+00:00","description":"Somos un estudio de Dise\u00f1o de Interiores en Sotogrande que ofrece servicios para particulares y empresas. Renovaciones y decoraci\u00f3n","breadcrumb":{"@id":"https:\/\/dminteriors.es\/es\/#breadcrumb"},"inLanguage":"es","potentialAction":[{"@type":"ReadAction","target":["https:\/\/dminteriors.es\/es\/"]}]},{"@type":"BreadcrumbList","@id":"https:\/\/dminteriors.es\/es\/#breadcrumb","itemListElement":[{"@type":"ListItem","position":1,"name":"Home","item":"https:\/\/dminteriors.es\/es\/"},{"@type":"ListItem","position":2,"name":"Inicio"}]},{"@type":"WebSite","@id":"https:\/\/dminteriors.es\/es\/#website","url":"https:\/\/dminteriors.es\/es\/","name":"DM Interiors","description":"Otro sitio realizado con WordPress","potentialAction":[{"@type":"SearchAction","target":{"@type":"EntryPoint","urlTemplate":"https:\/\/dminteriors.es\/es\/?s={search_term_string}"},"query-input":"required name=search_term_string"}],"inLanguage":"es"}]}},"_links":{"self":[{"href":"https:\/\/dminteriors.es\/es\/wp-json\/wp\/v2\/pages\/2","targetHints":{"allow":["GET"]}}],"collection":[{"href":"https:\/\/dminteriors.es\/es\/wp-json\/wp\/v2\/pages"}],"about":[{"href":"https:\/\/dminteriors.es\/es\/wp-json\/wp\/v2\/types\/page"}],"author":[{"embeddable":true,"href":"https:\/\/dminteriors.es\/es\/wp-json\/wp\/v2\/users\/1"}],"replies":[{"embeddable":true,"href":"https:\/\/dminteriors.es\/es\/wp-json\/wp\/v2\/comments?post=2"}],"version-history":[{"count":2,"href":"https:\/\/dminteriors.es\/es\/wp-json\/wp\/v2\/pages\/2\/revisions"}],"predecessor-version":[{"id":520,"href":"https:\/\/dminteriors.es\/es\/wp-json\/wp\/v2\/pages\/2\/revisions\/520"}],"wp:attachment":[{"href":"https:\/\/dminteriors.es\/es\/wp-json\/wp\/v2\/media?parent=2"}],"curies":[{"name":"wp","href":"https:\/\/api.w.org\/{rel}","templated":true}]}}